{"id":99,"date":"2026-05-05T15:49:32","date_gmt":"2026-05-05T15:49:32","guid":{"rendered":"https:\/\/nu50:8890\/?page_id=99"},"modified":"2026-05-06T15:28:25","modified_gmt":"2026-05-06T15:28:25","slug":"target-audience","status":"publish","type":"page","link":"https:\/\/nu50.klickdrauf.at\/en\/target-audience\/","title":{"rendered":"Target Audience"},"content":{"rendered":"<div class=\"wp-block-cover\"><img loading=\"lazy\" decoding=\"async\" width=\"1024\" height=\"768\" class=\"wp-block-cover__image-background wp-image-224 size-large\" alt=\"\" src=\"https:\/\/nu50.klickdrauf.at\/wp-content\/uploads\/2026\/05\/greencover-1024x768.jpg\" data-object-fit=\"cover\" srcset=\"https:\/\/nu50.klickdrauf.at\/wp-content\/uploads\/2026\/05\/greencover-1024x768.jpg 1024w, https:\/\/nu50.klickdrauf.at\/wp-content\/uploads\/2026\/05\/greencover-300x225.jpg 300w, https:\/\/nu50.klickdrauf.at\/wp-content\/uploads\/2026\/05\/greencover-768x576.jpg 768w, https:\/\/nu50.klickdrauf.at\/wp-content\/uploads\/2026\/05\/greencover-1536x1151.jpg 1536w, https:\/\/nu50.klickdrauf.at\/wp-content\/uploads\/2026\/05\/greencover-2048x1535.jpg 2048w\" sizes=\"auto, (max-width: 1024px) 100vw, 1024px\" \/><span aria-hidden=\"true\" class=\"wp-block-cover__background has-background-dim-40 has-background-dim\" style=\"background-color:#8b880f\"><\/span><div class=\"wp-block-cover__inner-container is-layout-constrained wp-block-cover-is-layout-constrained\">\n<p class=\"has-text-align-center has-base-color has-text-color has-link-color has-orbitron-font-family wp-elements-6e8f42e206b0cd3d1bb64c66c0c3af3d\">Ihre Fl\u00e4che<\/p>\n\n\n\n<h1 class=\"wp-block-heading has-text-align-center\">Ihr Beitrag zur Energiewende<\/h1>\n\n\n\n<div class=\"wp-block-buttons is-content-justification-center is-layout-flex wp-container-core-buttons-is-layout-ce9a5213 wp-block-buttons-is-layout-flex\" style=\"padding-top:var(--wp--preset--spacing--40)\">\n<div class=\"wp-block-button is-style-glass-green\"><a class=\"wp-block-button__link wp-element-button\">Partner With us<\/a><\/div>\n<\/div>\n<\/div><\/div>\n\n\n\n<div class=\"wp-block-nu50-contentblock contentblock\" style=\"padding-top:var(--wp--preset--spacing--50);padding-bottom:var(--wp--preset--spacing--50)\"><div class=\"contentblock__inner contentblock__inner--narrow\">\n<p class=\"has-text-align-center has-orbitron-font-family\" style=\"font-weight:700\">Verwandeln Sie Ihre Fl\u00e4che in eine nachhaltige Einnahmequelle \u2013 ohne eigene Investition, ohne Risiko, mit langfristiger Perspektive.<\/p>\n<\/div><\/div>\n\n\n\n<div class=\"wp-block-media-text is-stacked-on-mobile is-image-fill-element\" style=\"margin-top:var(--wp--preset--spacing--40)\"><figure class=\"wp-block-media-text__media\"><img loading=\"lazy\" decoding=\"async\" width=\"1024\" height=\"657\" src=\"https:\/\/nu50.klickdrauf.at\/wp-content\/uploads\/2026\/05\/flaeche-1024x657.png\" alt=\"\" class=\"wp-image-228 size-full\" style=\"object-position:50% 50%\" srcset=\"https:\/\/nu50.klickdrauf.at\/wp-content\/uploads\/2026\/05\/flaeche-1024x657.png 1024w, https:\/\/nu50.klickdrauf.at\/wp-content\/uploads\/2026\/05\/flaeche-300x192.png 300w, https:\/\/nu50.klickdrauf.at\/wp-content\/uploads\/2026\/05\/flaeche-768x492.png 768w, https:\/\/nu50.klickdrauf.at\/wp-content\/uploads\/2026\/05\/flaeche.png 1444w\" sizes=\"auto, (max-width: 1024px) 100vw, 1024px\" \/><\/figure><div class=\"wp-block-media-text__content\">\n<h2 class=\"wp-block-heading\" style=\"text-transform:uppercase\">Sie m\u00f6chten ihre Fl\u00e4chen sinnvoll nutzen?<\/h2>\n\n\n\n<p>Mit nu50 als Partner k\u00f6nnen Sie Ihre Fl\u00e4che f\u00fcr erneuerbare Energieprojekte bereitstellen und profitieren langfristig von stabilen Pachteinnahmen \u2013 ohne selbst investieren zu m\u00fcssen.<br><br>Ob Batteriespeicher, Solarpark, innovative Agri-PV-Anlage mit Doppelnutzung oder Windenergie: Wir finden gemeinsam die beste L\u00f6sung f\u00fcr Ihren Standort.<\/p>\n<\/div><\/div>\n\n\n\n<div class=\"wp-block-nu50-contentblock contentblock\" style=\"padding-top:var(--wp--preset--spacing--80);padding-bottom:var(--wp--preset--spacing--80)\"><div class=\"contentblock__inner contentblock__inner--medium\">\n<h2 class=\"wp-block-heading has-text-align-center\" style=\"text-transform:uppercase\">Ihre Vorteile<\/h2>\n\n\n\n<div class=\"wp-block-nu50-icon-box icon-box-grid icon-box-grid--cols-2 is-centered\">\n<div class=\"wp-block-nu50-icon-box-item icon-box-item\"><div class=\"icon-box-item__icon\" style=\"color:#0750a2\"><svg width=\"89\" height=\"90\" viewbox=\"0 0 89 90\" fill=\"none\" xmlns=\"http:\/\/www.w3.org\/2000\/svg\">\n<g clip-path=\"url(#clip0_169_1887)\">\n<path d=\"M53.7708 39.375L36.8386 45L33.375 41.4975L48.6978 28.125H55.625L66.75 33.75L76.0208 35.625V60L68.6042 61.875H51.4494\" stroke=\"currentColor\" stroke-width=\"4\" stroke-miterlimit=\"10\" stroke-linecap=\"round\" stroke-linejoin=\"round\"\/>\n<path d=\"M12.9792 56.2497L22.6097 58.1247L37.2651 72.941L43.6026 71.8385L44.6929 65.4297L51.0304 64.3235L52.1244 57.9147L58.4582 56.8122L59.5521 50.4035L49.9142 40.6572\" stroke=\"currentColor\" stroke-width=\"4\" stroke-miterlimit=\"10\" stroke-linejoin=\"round\"\/>\n<path d=\"M42.6978 33.36L35.6668 26.25L22.25 31.875L12.9792 33.75\" stroke=\"currentColor\" stroke-width=\"4\" stroke-miterlimit=\"10\" stroke-linejoin=\"round\"\/>\n<path d=\"M12.9792 28.125H1.85419V61.875H12.9792V28.125Z\" stroke=\"currentColor\" stroke-width=\"4\" stroke-miterlimit=\"10\" stroke-linejoin=\"round\"\/>\n<path d=\"M87.1458 31.875H76.0208V65.625H87.1458V31.875Z\" stroke=\"currentColor\" stroke-width=\"4\" stroke-miterlimit=\"10\" stroke-linejoin=\"round\"\/>\n<\/g>\n<defs>\n<clippath id=\"clip0_169_1887\">\n<rect width=\"89\" height=\"90\" fill=\"currentColor\"\/>\n<\/clippath>\n<\/defs>\n<\/svg>\n<\/div><h3 class=\"wp-block-heading\">Langfristig<\/h3><p class=\"icon-box-item__text\">Langfristige, stabile Pachteinnahmen \u00fcber \u202830+ Jahre. Lorem Ipsum dolor sit amet requstilon ipsum dolor sit amet.<\/p><\/div>\n\n\n\n<div class=\"wp-block-nu50-icon-box-item icon-box-item\"><div class=\"icon-box-item__icon\" style=\"color:#247b4d\"><svg width=\"90\" height=\"89\" viewbox=\"0 0 90 89\" fill=\"none\" xmlns=\"http:\/\/www.w3.org\/2000\/svg\">\n<g clip-path=\"url(#clip0_169_1918)\">\n<path d=\"M84.375 20.3955H1.875V68.6038H84.375V20.3955Z\" stroke=\"currentColor\" stroke-width=\"4\" stroke-miterlimit=\"10\" stroke-linecap=\"round\" stroke-linejoin=\"round\"\/>\n<path d=\"M1.875 35.2291L17.3363 20.418\" stroke=\"currentColor\" stroke-width=\"4\" stroke-miterlimit=\"10\" stroke-linecap=\"round\" stroke-linejoin=\"round\"\/>\n<path d=\"M84.375 35.2288L68.8912 20.3955\" stroke=\"currentColor\" stroke-width=\"4\" stroke-miterlimit=\"10\" stroke-linecap=\"round\" stroke-linejoin=\"round\"\/>\n<path d=\"M1.875 53.7705L17.3588 68.6038\" stroke=\"currentColor\" stroke-width=\"4\" stroke-miterlimit=\"10\" stroke-linecap=\"round\" stroke-linejoin=\"round\"\/>\n<path d=\"M84.375 53.7705L68.8912 68.6038\" stroke=\"currentColor\" stroke-width=\"4\" stroke-miterlimit=\"10\" stroke-linecap=\"round\" stroke-linejoin=\"round\"\/>\n<path d=\"M50.625 35.2295H37.5L33.75 40.792L37.5 46.3545H48.75L52.5 51.917L48.75 57.4795H35.625\" stroke=\"currentColor\" stroke-width=\"4\" stroke-miterlimit=\"10\" stroke-linecap=\"round\" stroke-linejoin=\"round\"\/>\n<path d=\"M43.125 35.2288V31.5205\" stroke=\"currentColor\" stroke-width=\"4\" stroke-miterlimit=\"10\" stroke-linecap=\"round\" stroke-linejoin=\"round\"\/>\n<path d=\"M43.125 61.1878V57.4795\" stroke=\"currentColor\" stroke-width=\"4\" stroke-miterlimit=\"10\" stroke-linecap=\"round\" stroke-linejoin=\"round\"\/>\n<path d=\"M0 86.4375L82.5104 3\" stroke=\"currentColor\" stroke-width=\"4\" stroke-miterlimit=\"10\" stroke-linecap=\"round\" stroke-linejoin=\"round\"\/>\n<\/g>\n<defs>\n<clippath id=\"clip0_169_1918\">\n<rect width=\"90\" height=\"89\" fill=\"currentColor\"\/>\n<\/clippath>\n<\/defs>\n<\/svg>\n<\/div><h3 class=\"wp-block-heading\">Keine Kosten<\/h3><p class=\"icon-box-item__text\">Keine Investitionskosten f\u00fcr Sie \u2013 nu50 \u00fcbernimmt Planung, Genehmigung, Bau und Betrieb der gesamten Anlage.<\/p><\/div>\n\n\n\n<div class=\"wp-block-nu50-icon-box-item icon-box-item\"><div class=\"icon-box-item__icon\" style=\"color:#2faa6b\"><svg width=\"90\" height=\"90\" viewbox=\"0 0 90 90\" fill=\"none\" xmlns=\"http:\/\/www.w3.org\/2000\/svg\">\n<path d=\"M16.3613 5.67383L9.82877 26.0851L29.4863 31.9238\" stroke=\"currentColor\" stroke-width=\"4\" stroke-miterlimit=\"10\" stroke-linecap=\"round\" stroke-linejoin=\"round\"\/>\n<path d=\"M9.82873 26.085L47.3287 5.45996L84.8286 26.085\" stroke=\"currentColor\" stroke-width=\"4\" stroke-miterlimit=\"10\" stroke-linecap=\"round\" stroke-linejoin=\"round\"\/>\n<path d=\"M84.8286 26.085V29.835\" stroke=\"currentColor\" stroke-width=\"4\" stroke-miterlimit=\"10\" stroke-linecap=\"round\" stroke-linejoin=\"round\"\/>\n<path d=\"M84.8286 37.335V42.96\" stroke=\"currentColor\" stroke-width=\"4\" stroke-miterlimit=\"10\" stroke-linecap=\"round\" stroke-linejoin=\"round\"\/>\n<path d=\"M84.8286 50.46V56.085\" stroke=\"currentColor\" stroke-width=\"4\" stroke-miterlimit=\"10\" stroke-linecap=\"round\" stroke-linejoin=\"round\"\/>\n<path d=\"M74.5312 73.001L69.6075 75.7197\" stroke=\"currentColor\" stroke-width=\"4\" stroke-miterlimit=\"10\" stroke-linecap=\"round\" stroke-linejoin=\"round\"\/>\n<path d=\"M63.0414 79.3428L58.1176 82.0615\" stroke=\"currentColor\" stroke-width=\"4\" stroke-miterlimit=\"10\" stroke-linecap=\"round\" stroke-linejoin=\"round\"\/>\n<path d=\"M50.9888 85.9385L47.3288 87.9597\" stroke=\"currentColor\" stroke-width=\"4\" stroke-miterlimit=\"10\" stroke-linecap=\"round\" stroke-linejoin=\"round\"\/>\n<path d=\"M43.5 85.8447L47.3287 87.9597\" stroke=\"currentColor\" stroke-width=\"4\" stroke-miterlimit=\"10\" stroke-linecap=\"round\" stroke-linejoin=\"round\"\/>\n<path d=\"M20.1075 73.001L25.0312 75.7197\" stroke=\"currentColor\" stroke-width=\"4\" stroke-miterlimit=\"10\" stroke-linecap=\"round\" stroke-linejoin=\"round\"\/>\n<path d=\"M31.5975 79.3428L36.5212 82.0615\" stroke=\"currentColor\" stroke-width=\"4\" stroke-miterlimit=\"10\" stroke-linecap=\"round\" stroke-linejoin=\"round\"\/>\n<path d=\"M84.8661 63.585V67.335L81.3636 69.2625\" stroke=\"currentColor\" stroke-width=\"4\" stroke-miterlimit=\"10\" stroke-linecap=\"round\" stroke-linejoin=\"round\"\/>\n<path d=\"M9.82914 67.335L12.6866 68.91\" stroke=\"currentColor\" stroke-width=\"4\" stroke-miterlimit=\"10\" stroke-linecap=\"round\" stroke-linejoin=\"round\"\/>\n<\/svg>\n<\/div><h3 class=\"wp-block-heading\">Kompletter R\u00fcckbau<\/h3><p class=\"icon-box-item__text\">Vollst\u00e4ndige Wiederherstellung nach Projektende \u2013 nach Ablauf des Pachtvertrags wird die Fl\u00e4che vollst\u00e4ndig r\u00fcckgebaut und in den urspr\u00fcnglichen Zustand versetzt.<\/p><\/div>\n\n\n\n<div class=\"wp-block-nu50-icon-box-item icon-box-item\"><div class=\"icon-box-item__icon\" style=\"color:#04243c\"><svg width=\"89\" height=\"89\" viewbox=\"0 0 89 89\" fill=\"none\" xmlns=\"http:\/\/www.w3.org\/2000\/svg\">\n<g clip-path=\"url(#clip0_169_1944)\">\n<path d=\"M53.7709 27.8125V64.8958\" stroke=\"currentColor\" stroke-width=\"4\" stroke-miterlimit=\"10\" stroke-linecap=\"round\" stroke-linejoin=\"round\"\/>\n<path d=\"M72.3125 46.3545H35.2291\" stroke=\"currentColor\" stroke-width=\"4\" stroke-miterlimit=\"10\" stroke-linecap=\"round\" stroke-linejoin=\"round\"\/>\n<path d=\"M24.1041 29.667L53.7708 12.9795L83.4375 29.667V63.042L53.7708 79.7295L24.1041 63.042V29.667Z\" stroke=\"currentColor\" stroke-width=\"4\" stroke-miterlimit=\"10\" stroke-linecap=\"round\" stroke-linejoin=\"round\"\/>\n<path d=\"M31.5208 79.7295L1.85413 63.042V29.667L31.5208 12.9795\" stroke=\"currentColor\" stroke-width=\"4\" stroke-miterlimit=\"10\" stroke-linecap=\"round\" stroke-linejoin=\"round\"\/>\n<\/g>\n<defs>\n<clippath id=\"clip0_169_1944\">\n<rect width=\"89\" height=\"89\" fill=\"currentColor\"\/>\n<\/clippath>\n<\/defs>\n<\/svg>\n<\/div><h3 class=\"wp-block-heading\">Doppelte Nutzung<\/h3><p class=\"icon-box-item__text\">Weiterbewirtschaftung bei Agri-PV m\u00f6glich \u2013 bei Agri-PV-Projekten k\u00f6nnen Sie mindestens 75 % Ihrer Fl\u00e4che weiterhin landwirtschaftlich nutzen und profitieren doppelt.<\/p><\/div>\n<\/div>\n<\/div><\/div>\n\n\n\n<div class=\"wp-block-nu50-contentblock contentblock has-dark-navy-background-color has-background\" style=\"padding-top:var(--wp--preset--spacing--70);padding-bottom:var(--wp--preset--spacing--70)\"><div class=\"contentblock__inner contentblock__inner--wide\">\n<h2 class=\"wp-block-heading has-base-color has-text-color has-link-color wp-elements-9c4b31c551136ad020415c68b43f7f6d\" style=\"margin-bottom:var(--wp--preset--spacing--60);text-transform:uppercase\">Lassen Sie Ihre \u2028Fl\u00e4che unverbindlich pr\u00fcfen<\/h2>\n\n\n\n<div class=\"wpcf7 no-js\" id=\"wpcf7-f212-o1\" lang=\"de-DE\" dir=\"ltr\" data-wpcf7-id=\"212\">\n<div class=\"screen-reader-response\"><p role=\"status\" aria-live=\"polite\" aria-atomic=\"true\"><\/p> <ul><\/ul><\/div>\n<form action=\"\/en\/wp-json\/wp\/v2\/pages\/99#wpcf7-f212-o1\" method=\"post\" class=\"wpcf7-form init\" aria-label=\"Kontaktformular\" novalidate=\"novalidate\" data-status=\"init\" data-trp-original-action=\"\/en\/wp-json\/wp\/v2\/pages\/99#wpcf7-f212-o1\">\n<fieldset class=\"hidden-fields-container\"><input type=\"hidden\" name=\"_wpcf7\" value=\"212\" \/><input type=\"hidden\" name=\"_wpcf7_version\" value=\"6.1.5\" \/><input type=\"hidden\" name=\"_wpcf7_locale\" value=\"de_DE\" \/><input type=\"hidden\" name=\"_wpcf7_unit_tag\" value=\"wpcf7-f212-o1\" \/><input type=\"hidden\" name=\"_wpcf7_container_post\" value=\"0\" \/><input type=\"hidden\" name=\"_wpcf7_posted_data_hash\" value=\"\" \/>\n<\/fieldset>\n<div class=\"contactform\">\n\n    <div class=\"contactform__grid\">\n\n        <div class=\"contactform__left\">\n            <label for=\"your-message\" class=\"sr-only\">\n                Was k\u00f6nnen wir f\u00fcr dich tun?\n            <\/label>\n\n            <span class=\"wpcf7-form-control-wrap\" data-name=\"your-message\"><textarea cols=\"40\" rows=\"10\" maxlength=\"2000\" class=\"wpcf7-form-control wpcf7-textarea wpcf7-validates-as-required\" id=\"your-message\" aria-required=\"true\" aria-invalid=\"false\" placeholder=\"Lorem ipsum dolor ?\" name=\"your-message\"><\/textarea><\/span>\n        <\/div>\n\n        <div class=\"contactform__right\">\n\n            <div class=\"contactform__field\">\n                <label for=\"your-email\" class=\"sr-only\">\n                    E-Mail-Adresse\n                <\/label>\n\n                <span class=\"wpcf7-form-control-wrap\" data-name=\"your-email\"><input size=\"40\" maxlength=\"400\" class=\"wpcf7-form-control wpcf7-email wpcf7-validates-as-required wpcf7-text wpcf7-validates-as-email\" id=\"your-email\" autocomplete=\"email\" aria-required=\"true\" aria-invalid=\"false\" placeholder=\"E-Mail-Adresse\" value=\"\" type=\"email\" name=\"your-email\" \/><\/span>\n            <\/div>\n\n            <div class=\"contactform__field\">\n                <label for=\"your-phone\" class=\"sr-only\">\n                    Telefonnummer\n                <\/label>\n\n                <span class=\"wpcf7-form-control-wrap\" data-name=\"your-phone\"><input size=\"40\" maxlength=\"400\" class=\"wpcf7-form-control wpcf7-tel wpcf7-validates-as-required wpcf7-text wpcf7-validates-as-tel\" id=\"your-phone\" aria-required=\"true\" aria-invalid=\"false\" placeholder=\"Phonenumber\" value=\"\" type=\"tel\" name=\"your-phone\" \/><\/span>\n            <\/div>\n\n            <div class=\"contactform__field\">\n                <label for=\"your-name\" class=\"sr-only\">\n                    Name\n                <\/label>\n\n                <span class=\"wpcf7-form-control-wrap\" data-name=\"your-name\"><input size=\"40\" maxlength=\"400\" class=\"wpcf7-form-control wpcf7-text wpcf7-validates-as-required\" id=\"your-name\" aria-required=\"true\" aria-invalid=\"false\" placeholder=\"Name\" value=\"\" type=\"text\" name=\"your-name\" \/><\/span>\n            <\/div>\n\n        <\/div>\n\n    <\/div>\n\n    <span class=\"wpcf7-form-control-wrap\" data-name=\"datenschutz\"><span class=\"wpcf7-form-control wpcf7-checkbox wpcf7-validates-as-required contactform__checkbox\"><span class=\"wpcf7-list-item first last\"><input type=\"checkbox\" name=\"datenschutz[]\" value=\"Ich willige ein, dass die nu50 GmbH meine Daten zur  Kontaktaufnahme per E-Mail oder Telefon verarbeitet.\" \/><span class=\"wpcf7-list-item-label\">Ich willige ein, dass die nu50 GmbH meine Daten zur  Kontaktaufnahme per E-Mail oder Telefon verarbeitet.<\/span><\/span><\/span><\/span>\n\n<div class=\"wp-block-buttons is-layout-flex wp-block-buttons-is-layout-flex\">\n    <div class=\"wp-block-button has-arrow is-style-glass-blue\">\n        <button type=\"submit\" class=\"wp-element-button\">\n            Send Request\n        <\/button>\n    <\/div>\n<\/div>\n\n    <span id=\"wpcf7-6a048b7d7044d-wrapper\" class=\"wpcf7-form-control-wrap dein-vorname-wrap\" style=\"display:none !important; visibility:hidden !important;\"><input type=\"hidden\" name=\"dein-vorname-time-start\" value=\"1778682749\"><input type=\"hidden\" name=\"dein-vorname-time-check\" value=\"4\"><label for=\"wpcf7-6a048b7d7044d-field\" class=\"hp-message\">Bitte lasse dieses Feld leer.<\/label><input id=\"wpcf7-6a048b7d7044d-field\"  placeholder=\"dein-vorname\"  class=\"wpcf7-form-control wpcf7-text\" type=\"text\" name=\"dein-vorname\" value=\"\" size=\"40\" tabindex=\"-1\" autocomplete=\"new-password\" \/><\/span>\n\n<\/div><div class=\"wpcf7-response-output\" aria-hidden=\"true\"><\/div>\n<input type=\"hidden\" name=\"trp-form-language\" value=\"en\"\/><\/form>\n<\/div>\n\n<\/div><\/div>","protected":false},"excerpt":{"rendered":"<p>Sie m\u00f6chten ihre Fl\u00e4chen sinnvoll nutzen? Mit nu50 als Partner k\u00f6nnen Sie Ihre Fl\u00e4che f\u00fcr erneuerbare Energieprojekte bereitstellen und profitieren langfristig von stabilen Pachteinnahmen \u2013 ohne selbst investieren zu m\u00fcssen. Ob Batteriespeicher, Solarpark, innovative Agri-PV-Anlage mit Doppelnutzung oder Windenergie: Wir finden gemeinsam die beste L\u00f6sung f\u00fcr Ihren Standort.<\/p>","protected":false},"author":2,"featured_media":0,"parent":0,"menu_order":0,"comment_status":"closed","ping_status":"closed","template":"","meta":{"footnotes":""},"class_list":["post-99","page","type-page","status-publish","hentry"],"yoast_head":"<!-- This site is optimized with the Yoast SEO plugin v27.6 - https:\/\/yoast.com\/product\/yoast-seo-wordpress\/ -->\n<title>Target Audience - nu50<\/title>\n<meta name=\"robots\" content=\"noindex, follow, max-snippet:-1, max-image-preview:large, max-video-preview:-1\" \/>\n<meta property=\"og:locale\" content=\"en_US\" \/>\n<meta property=\"og:type\" content=\"article\" \/>\n<meta property=\"og:title\" content=\"Target Audience - nu50\" \/>\n<meta property=\"og:description\" content=\"Sie m\u00f6chten ihre Fl\u00e4chen sinnvoll nutzen? Mit nu50 als Partner k\u00f6nnen Sie Ihre Fl\u00e4che f\u00fcr erneuerbare Energieprojekte bereitstellen und profitieren langfristig von stabilen Pachteinnahmen \u2013 ohne selbst investieren zu m\u00fcssen. Ob Batteriespeicher, Solarpark, innovative Agri-PV-Anlage mit Doppelnutzung oder Windenergie: Wir finden gemeinsam die beste L\u00f6sung f\u00fcr Ihren Standort.\" \/>\n<meta property=\"og:url\" content=\"https:\/\/nu50.klickdrauf.at\/en\/target-audience\/\" \/>\n<meta property=\"og:site_name\" content=\"nu50\" \/>\n<meta property=\"article:modified_time\" content=\"2026-05-06T15:28:25+00:00\" \/>\n<meta property=\"og:image\" content=\"https:\/\/nu50.klickdrauf.at\/wp-content\/uploads\/2026\/05\/greencover-1024x768.jpg\" \/>\n<meta name=\"twitter:card\" content=\"summary_large_image\" \/>\n<meta name=\"twitter:label1\" content=\"Est. reading time\" \/>\n\t<meta name=\"twitter:data1\" content=\"2 minutes\" \/>\n<script type=\"application\/ld+json\" class=\"yoast-schema-graph\">{\"@context\":\"https:\\\/\\\/schema.org\",\"@graph\":[{\"@type\":\"WebPage\",\"@id\":\"https:\\\/\\\/nu50.klickdrauf.at\\\/en\\\/target-audience\\\/\",\"url\":\"https:\\\/\\\/nu50.klickdrauf.at\\\/en\\\/target-audience\\\/\",\"name\":\"Target Audience - nu50\",\"isPartOf\":{\"@id\":\"https:\\\/\\\/nu50.klickdrauf.at\\\/#website\"},\"primaryImageOfPage\":{\"@id\":\"https:\\\/\\\/nu50.klickdrauf.at\\\/en\\\/target-audience\\\/#primaryimage\"},\"image\":{\"@id\":\"https:\\\/\\\/nu50.klickdrauf.at\\\/en\\\/target-audience\\\/#primaryimage\"},\"thumbnailUrl\":\"https:\\\/\\\/nu50.klickdrauf.at\\\/wp-content\\\/uploads\\\/2026\\\/05\\\/greencover-1024x768.jpg\",\"datePublished\":\"2026-05-05T15:49:32+00:00\",\"dateModified\":\"2026-05-06T15:28:25+00:00\",\"breadcrumb\":{\"@id\":\"https:\\\/\\\/nu50.klickdrauf.at\\\/en\\\/target-audience\\\/#breadcrumb\"},\"inLanguage\":\"en-US\",\"potentialAction\":[{\"@type\":\"ReadAction\",\"target\":[\"https:\\\/\\\/nu50.klickdrauf.at\\\/en\\\/target-audience\\\/\"]}]},{\"@type\":\"ImageObject\",\"inLanguage\":\"en-US\",\"@id\":\"https:\\\/\\\/nu50.klickdrauf.at\\\/en\\\/target-audience\\\/#primaryimage\",\"url\":\"https:\\\/\\\/nu50.klickdrauf.at\\\/wp-content\\\/uploads\\\/2026\\\/05\\\/greencover-1024x768.jpg\",\"contentUrl\":\"https:\\\/\\\/nu50.klickdrauf.at\\\/wp-content\\\/uploads\\\/2026\\\/05\\\/greencover-1024x768.jpg\"},{\"@type\":\"BreadcrumbList\",\"@id\":\"https:\\\/\\\/nu50.klickdrauf.at\\\/en\\\/target-audience\\\/#breadcrumb\",\"itemListElement\":[{\"@type\":\"ListItem\",\"position\":1,\"name\":\"Home\",\"item\":\"https:\\\/\\\/nu50.klickdrauf.at\\\/\"},{\"@type\":\"ListItem\",\"position\":2,\"name\":\"Target Audience\"}]},{\"@type\":\"WebSite\",\"@id\":\"https:\\\/\\\/nu50.klickdrauf.at\\\/#website\",\"url\":\"https:\\\/\\\/nu50.klickdrauf.at\\\/\",\"name\":\"nu50\",\"description\":\"\",\"publisher\":{\"@id\":\"https:\\\/\\\/nu50.klickdrauf.at\\\/#organization\"},\"potentialAction\":[{\"@type\":\"SearchAction\",\"target\":{\"@type\":\"EntryPoint\",\"urlTemplate\":\"https:\\\/\\\/nu50.klickdrauf.at\\\/?s={search_term_string}\"},\"query-input\":{\"@type\":\"PropertyValueSpecification\",\"valueRequired\":true,\"valueName\":\"search_term_string\"}}],\"inLanguage\":\"en-US\"},{\"@type\":\"Organization\",\"@id\":\"https:\\\/\\\/nu50.klickdrauf.at\\\/#organization\",\"name\":\"nu50\",\"url\":\"https:\\\/\\\/nu50.klickdrauf.at\\\/\",\"logo\":{\"@type\":\"ImageObject\",\"inLanguage\":\"en-US\",\"@id\":\"https:\\\/\\\/nu50.klickdrauf.at\\\/#\\\/schema\\\/logo\\\/image\\\/\",\"url\":\"https:\\\/\\\/nu50.klickdrauf.at\\\/wp-content\\\/uploads\\\/2026\\\/05\\\/Logo_colored.svg\",\"contentUrl\":\"https:\\\/\\\/nu50.klickdrauf.at\\\/wp-content\\\/uploads\\\/2026\\\/05\\\/Logo_colored.svg\",\"width\":1,\"height\":1,\"caption\":\"nu50\"},\"image\":{\"@id\":\"https:\\\/\\\/nu50.klickdrauf.at\\\/#\\\/schema\\\/logo\\\/image\\\/\"}}]}<\/script>\n<!-- \/ Yoast SEO plugin. -->","yoast_head_json":{"title":"Target Audience - nu50","robots":{"index":"noindex","follow":"follow","max-snippet":"max-snippet:-1","max-image-preview":"max-image-preview:large","max-video-preview":"max-video-preview:-1"},"og_locale":"en_US","og_type":"article","og_title":"Target Audience - nu50","og_description":"Sie m\u00f6chten ihre Fl\u00e4chen sinnvoll nutzen? Mit nu50 als Partner k\u00f6nnen Sie Ihre Fl\u00e4che f\u00fcr erneuerbare Energieprojekte bereitstellen und profitieren langfristig von stabilen Pachteinnahmen \u2013 ohne selbst investieren zu m\u00fcssen. Ob Batteriespeicher, Solarpark, innovative Agri-PV-Anlage mit Doppelnutzung oder Windenergie: Wir finden gemeinsam die beste L\u00f6sung f\u00fcr Ihren Standort.","og_url":"https:\/\/nu50.klickdrauf.at\/en\/target-audience\/","og_site_name":"nu50","article_modified_time":"2026-05-06T15:28:25+00:00","og_image":[{"url":"https:\/\/nu50.klickdrauf.at\/wp-content\/uploads\/2026\/05\/greencover-1024x768.jpg","type":"","width":"","height":""}],"twitter_card":"summary_large_image","twitter_misc":{"Est. reading time":"2 minutes"},"schema":{"@context":"https:\/\/schema.org","@graph":[{"@type":"WebPage","@id":"https:\/\/nu50.klickdrauf.at\/en\/target-audience\/","url":"https:\/\/nu50.klickdrauf.at\/en\/target-audience\/","name":"Target Audience - nu50","isPartOf":{"@id":"https:\/\/nu50.klickdrauf.at\/#website"},"primaryImageOfPage":{"@id":"https:\/\/nu50.klickdrauf.at\/en\/target-audience\/#primaryimage"},"image":{"@id":"https:\/\/nu50.klickdrauf.at\/en\/target-audience\/#primaryimage"},"thumbnailUrl":"https:\/\/nu50.klickdrauf.at\/wp-content\/uploads\/2026\/05\/greencover-1024x768.jpg","datePublished":"2026-05-05T15:49:32+00:00","dateModified":"2026-05-06T15:28:25+00:00","breadcrumb":{"@id":"https:\/\/nu50.klickdrauf.at\/en\/target-audience\/#breadcrumb"},"inLanguage":"en-US","potentialAction":[{"@type":"ReadAction","target":["https:\/\/nu50.klickdrauf.at\/en\/target-audience\/"]}]},{"@type":"ImageObject","inLanguage":"en-US","@id":"https:\/\/nu50.klickdrauf.at\/en\/target-audience\/#primaryimage","url":"https:\/\/nu50.klickdrauf.at\/wp-content\/uploads\/2026\/05\/greencover-1024x768.jpg","contentUrl":"https:\/\/nu50.klickdrauf.at\/wp-content\/uploads\/2026\/05\/greencover-1024x768.jpg"},{"@type":"BreadcrumbList","@id":"https:\/\/nu50.klickdrauf.at\/en\/target-audience\/#breadcrumb","itemListElement":[{"@type":"ListItem","position":1,"name":"Home","item":"https:\/\/nu50.klickdrauf.at\/"},{"@type":"ListItem","position":2,"name":"Target Audience"}]},{"@type":"WebSite","@id":"https:\/\/nu50.klickdrauf.at\/#website","url":"https:\/\/nu50.klickdrauf.at\/","name":"nu50","description":"","publisher":{"@id":"https:\/\/nu50.klickdrauf.at\/#organization"},"potentialAction":[{"@type":"SearchAction","target":{"@type":"EntryPoint","urlTemplate":"https:\/\/nu50.klickdrauf.at\/?s={search_term_string}"},"query-input":{"@type":"PropertyValueSpecification","valueRequired":true,"valueName":"search_term_string"}}],"inLanguage":"en-US"},{"@type":"Organization","@id":"https:\/\/nu50.klickdrauf.at\/#organization","name":"nu50","url":"https:\/\/nu50.klickdrauf.at\/","logo":{"@type":"ImageObject","inLanguage":"en-US","@id":"https:\/\/nu50.klickdrauf.at\/#\/schema\/logo\/image\/","url":"https:\/\/nu50.klickdrauf.at\/wp-content\/uploads\/2026\/05\/Logo_colored.svg","contentUrl":"https:\/\/nu50.klickdrauf.at\/wp-content\/uploads\/2026\/05\/Logo_colored.svg","width":1,"height":1,"caption":"nu50"},"image":{"@id":"https:\/\/nu50.klickdrauf.at\/#\/schema\/logo\/image\/"}}]}},"_links":{"self":[{"href":"https:\/\/nu50.klickdrauf.at\/en\/wp-json\/wp\/v2\/pages\/99","targetHints":{"allow":["GET"]}}],"collection":[{"href":"https:\/\/nu50.klickdrauf.at\/en\/wp-json\/wp\/v2\/pages"}],"about":[{"href":"https:\/\/nu50.klickdrauf.at\/en\/wp-json\/wp\/v2\/types\/page"}],"author":[{"embeddable":true,"href":"https:\/\/nu50.klickdrauf.at\/en\/wp-json\/wp\/v2\/users\/2"}],"replies":[{"embeddable":true,"href":"https:\/\/nu50.klickdrauf.at\/en\/wp-json\/wp\/v2\/comments?post=99"}],"version-history":[{"count":12,"href":"https:\/\/nu50.klickdrauf.at\/en\/wp-json\/wp\/v2\/pages\/99\/revisions"}],"predecessor-version":[{"id":245,"href":"https:\/\/nu50.klickdrauf.at\/en\/wp-json\/wp\/v2\/pages\/99\/revisions\/245"}],"wp:attachment":[{"href":"https:\/\/nu50.klickdrauf.at\/en\/wp-json\/wp\/v2\/media?parent=99"}],"curies":[{"name":"wp","href":"https:\/\/api.w.org\/{rel}","templated":true}]}}