{"id":101,"date":"2026-05-05T15:49:41","date_gmt":"2026-05-05T15:49:41","guid":{"rendered":"https:\/\/nu50:8890\/?page_id=101"},"modified":"2026-05-06T15:22:03","modified_gmt":"2026-05-06T15:22:03","slug":"services","status":"publish","type":"page","link":"https:\/\/nu50.klickdrauf.at\/de\/services\/","title":{"rendered":"Leistungen"},"content":{"rendered":"\n<div class=\"wp-block-cover is-light\"><img loading=\"lazy\" decoding=\"async\" width=\"1024\" height=\"683\" class=\"wp-block-cover__image-background wp-image-194 size-large\" alt=\"\" src=\"https:\/\/nu50.klickdrauf.at\/wp-content\/uploads\/2026\/05\/clouds-1024x683.jpg\" data-object-fit=\"cover\" srcset=\"https:\/\/nu50.klickdrauf.at\/wp-content\/uploads\/2026\/05\/clouds-1024x683.jpg 1024w, https:\/\/nu50.klickdrauf.at\/wp-content\/uploads\/2026\/05\/clouds-300x200.jpg 300w, https:\/\/nu50.klickdrauf.at\/wp-content\/uploads\/2026\/05\/clouds-768x512.jpg 768w, https:\/\/nu50.klickdrauf.at\/wp-content\/uploads\/2026\/05\/clouds-1536x1024.jpg 1536w, https:\/\/nu50.klickdrauf.at\/wp-content\/uploads\/2026\/05\/clouds-2048x1366.jpg 2048w\" sizes=\"auto, (max-width: 1024px) 100vw, 1024px\" \/><span aria-hidden=\"true\" class=\"wp-block-cover__background has-background-dim\" style=\"background-color:#a1a7a9\"><\/span><div class=\"wp-block-cover__inner-container is-layout-constrained wp-block-cover-is-layout-constrained\">\n<p class=\"has-text-align-center has-base-color has-text-color has-link-color has-orbitron-font-family wp-elements-701492db470d071caf0cfecf27006d13\">Von der Idee bis zur Umsetzung<\/p>\n\n\n\n<h1 class=\"wp-block-heading has-text-align-center\">alles aus einer Hand<\/h1>\n\n\n\n<div class=\"wp-block-buttons is-content-justification-center is-layout-flex wp-container-core-buttons-is-layout-ce9a5213 wp-block-buttons-is-layout-flex\" style=\"padding-top:var(--wp--preset--spacing--40)\">\n<div class=\"wp-block-button is-style-glass-blue\"><a class=\"wp-block-button__link wp-element-button\">Partner With us<\/a><\/div>\n<\/div>\n<\/div><\/div>\n\n\n\n<div class=\"wp-block-nu50-contentblock contentblock\" style=\"padding-top:var(--wp--preset--spacing--50);padding-bottom:var(--wp--preset--spacing--50)\"><div class=\"contentblock__inner contentblock__inner--narrow\">\n<p class=\"has-text-align-center has-orbitron-font-family\" style=\"font-weight:700\">nu50 begleitet erneuerbare Energieprojekte entlang der gesamten Wertsch\u00f6pfungskette.<\/p>\n\n\n\n<p class=\"has-text-align-center has-orbitron-font-family\" style=\"font-weight:700\">Von der ersten Standortbewertung \u00fcber Genehmigung und Finanzierung bis zur Inbetriebnahme \u00fcbernehmen wir die Verantwortung f\u00fcr jede Projektphase.<\/p>\n<\/div><\/div>\n\n\n\n<div class=\"wp-block-media-text is-stacked-on-mobile is-image-fill-element\" style=\"margin-top:var(--wp--preset--spacing--80)\"><figure class=\"wp-block-media-text__media\"><img loading=\"lazy\" decoding=\"async\" width=\"1024\" height=\"655\" src=\"https:\/\/nu50.klickdrauf.at\/wp-content\/uploads\/2026\/05\/office-1024x655.png\" alt=\"\" class=\"wp-image-204 size-full\" style=\"object-position:50% 50%\" srcset=\"https:\/\/nu50.klickdrauf.at\/wp-content\/uploads\/2026\/05\/office-1024x655.png 1024w, https:\/\/nu50.klickdrauf.at\/wp-content\/uploads\/2026\/05\/office-300x192.png 300w, https:\/\/nu50.klickdrauf.at\/wp-content\/uploads\/2026\/05\/office-768x491.png 768w, https:\/\/nu50.klickdrauf.at\/wp-content\/uploads\/2026\/05\/office-1536x982.png 1536w, https:\/\/nu50.klickdrauf.at\/wp-content\/uploads\/2026\/05\/office.png 1564w\" sizes=\"auto, (max-width: 1024px) 100vw, 1024px\" \/><\/figure><div class=\"wp-block-media-text__content\">\n<h2 class=\"wp-block-heading\" style=\"text-transform:uppercase\">Beratung f\u00fcr die Energiewende<\/h2>\n\n\n\n<p>Die Energiewende erfordert nicht nur technische L\u00f6sungen, sondern auch strategische Entscheidungen. nu50 unterst\u00fctzt Unternehmen, Gemeinden und Energieversorger dabei, den \u00dcbergang zu erneuerbaren Energien systematisch zu planen und wirtschaftlich umzusetzen.<\/p>\n<\/div><\/div>\n\n\n\n<div class=\"wp-block-media-text has-media-on-the-right is-stacked-on-mobile is-image-fill-element\" style=\"margin-top:var(--wp--preset--spacing--80);margin-bottom:var(--wp--preset--spacing--80)\"><div class=\"wp-block-media-text__content\">\n<h2 class=\"wp-block-heading\" style=\"text-transform:uppercase\">Power Purchase Agreements<\/h2>\n\n\n\n<p>Ein Power Purchase Agreement (PPA) ist ein langfristiger Stromabnahmevertrag zwischen einem Erzeuger erneuerbarer Energie und einem Abnehmer \u2013 typischerweise \u00fcber 10 bis 20 Jahre. PPAs bieten beiden Seiten Planungssicherheit: Der Erzeuger sichert sich stabile Einnahmen f\u00fcr die Projektfinanzierung, der Abnehmer erh\u00e4lt gr\u00fcnen Strom zu einem vorab festgelegten Preis \u2013 unabh\u00e4ngig von kurzfristigen Marktvolatilit\u00e4ten.<br><br>F\u00fcr Unternehmen mit ambitionierten ESG- und Nachhaltigkeitszielen sind PPAs zudem ein wirkungsvolles Instrument: \u00dcber Herkunftsnachweise l\u00e4sst sich der Bezug von Gr\u00fcnstrom transparent und pr\u00fcfbar nachweisen.<\/p>\n<\/div><figure class=\"wp-block-media-text__media\"><img loading=\"lazy\" decoding=\"async\" width=\"1024\" height=\"659\" src=\"https:\/\/nu50.klickdrauf.at\/wp-content\/uploads\/2026\/05\/office2-1024x659.png\" alt=\"\" class=\"wp-image-205 size-full\" style=\"object-position:50% 50%\" srcset=\"https:\/\/nu50.klickdrauf.at\/wp-content\/uploads\/2026\/05\/office2-1024x659.png 1024w, https:\/\/nu50.klickdrauf.at\/wp-content\/uploads\/2026\/05\/office2-300x193.png 300w, https:\/\/nu50.klickdrauf.at\/wp-content\/uploads\/2026\/05\/office2-768x495.png 768w, https:\/\/nu50.klickdrauf.at\/wp-content\/uploads\/2026\/05\/office2-1536x989.png 1536w, https:\/\/nu50.klickdrauf.at\/wp-content\/uploads\/2026\/05\/office2.png 1556w\" sizes=\"auto, (max-width: 1024px) 100vw, 1024px\" \/><\/figure><\/div>\n\n\n\n<div class=\"wp-block-nu50-contentblock contentblock has-dark-navy-background-color has-background\" style=\"padding-top:var(--wp--preset--spacing--70);padding-bottom:var(--wp--preset--spacing--70)\"><div class=\"contentblock__inner contentblock__inner--wide\">\n<h2 class=\"wp-block-heading has-base-color has-text-color has-link-color wp-elements-db3c0ddfecc3c2f2bc44a10c1bf88feb\" style=\"margin-bottom:var(--wp--preset--spacing--60);text-transform:uppercase\">Contact Us Now<\/h2>\n\n\n\n<div class=\"wpcf7 no-js\" id=\"wpcf7-f212-o1\" lang=\"de-DE\" dir=\"ltr\" data-wpcf7-id=\"212\">\n<div class=\"screen-reader-response\"><p role=\"status\" aria-live=\"polite\" aria-atomic=\"true\"><\/p> <ul><\/ul><\/div>\n<form action=\"\/de\/wp-json\/wp\/v2\/pages\/101#wpcf7-f212-o1\" method=\"post\" class=\"wpcf7-form init\" aria-label=\"Kontaktformular\" novalidate=\"novalidate\" data-status=\"init\">\n<fieldset class=\"hidden-fields-container\"><input type=\"hidden\" name=\"_wpcf7\" value=\"212\" \/><input type=\"hidden\" name=\"_wpcf7_version\" value=\"6.1.5\" \/><input type=\"hidden\" name=\"_wpcf7_locale\" value=\"de_DE\" \/><input type=\"hidden\" name=\"_wpcf7_unit_tag\" value=\"wpcf7-f212-o1\" \/><input type=\"hidden\" name=\"_wpcf7_container_post\" value=\"0\" \/><input type=\"hidden\" name=\"_wpcf7_posted_data_hash\" value=\"\" \/>\n<\/fieldset>\n<div class=\"contactform\">\n\n    <div class=\"contactform__grid\">\n\n        <div class=\"contactform__left\">\n            <label for=\"your-message\" class=\"sr-only\">\n                Was k\u00f6nnen wir f\u00fcr dich tun?\n            <\/label>\n\n            <span class=\"wpcf7-form-control-wrap\" data-name=\"your-message\"><textarea cols=\"40\" rows=\"10\" maxlength=\"2000\" class=\"wpcf7-form-control wpcf7-textarea wpcf7-validates-as-required\" id=\"your-message\" aria-required=\"true\" aria-invalid=\"false\" placeholder=\"Lorem ipsum dolor ?\" name=\"your-message\"><\/textarea><\/span>\n        <\/div>\n\n        <div class=\"contactform__right\">\n\n            <div class=\"contactform__field\">\n                <label for=\"your-email\" class=\"sr-only\">\n                    E-Mail-Adresse\n                <\/label>\n\n                <span class=\"wpcf7-form-control-wrap\" data-name=\"your-email\"><input size=\"40\" maxlength=\"400\" class=\"wpcf7-form-control wpcf7-email wpcf7-validates-as-required wpcf7-text wpcf7-validates-as-email\" id=\"your-email\" autocomplete=\"email\" aria-required=\"true\" aria-invalid=\"false\" placeholder=\"E-Mail-Adresse\" value=\"\" type=\"email\" name=\"your-email\" \/><\/span>\n            <\/div>\n\n            <div class=\"contactform__field\">\n                <label for=\"your-phone\" class=\"sr-only\">\n                    Telefonnummer\n                <\/label>\n\n                <span class=\"wpcf7-form-control-wrap\" data-name=\"your-phone\"><input size=\"40\" maxlength=\"400\" class=\"wpcf7-form-control wpcf7-tel wpcf7-validates-as-required wpcf7-text wpcf7-validates-as-tel\" id=\"your-phone\" aria-required=\"true\" aria-invalid=\"false\" placeholder=\"Phonenumber\" value=\"\" type=\"tel\" name=\"your-phone\" \/><\/span>\n            <\/div>\n\n            <div class=\"contactform__field\">\n                <label for=\"your-name\" class=\"sr-only\">\n                    Name\n                <\/label>\n\n                <span class=\"wpcf7-form-control-wrap\" data-name=\"your-name\"><input size=\"40\" maxlength=\"400\" class=\"wpcf7-form-control wpcf7-text wpcf7-validates-as-required\" id=\"your-name\" aria-required=\"true\" aria-invalid=\"false\" placeholder=\"Name\" value=\"\" type=\"text\" name=\"your-name\" \/><\/span>\n            <\/div>\n\n        <\/div>\n\n    <\/div>\n\n    <span class=\"wpcf7-form-control-wrap\" data-name=\"datenschutz\"><span class=\"wpcf7-form-control wpcf7-checkbox wpcf7-validates-as-required contactform__checkbox\"><span class=\"wpcf7-list-item first last\"><input type=\"checkbox\" name=\"datenschutz[]\" value=\"Ich willige ein, dass die nu50 GmbH meine Daten zur  Kontaktaufnahme per E-Mail oder Telefon verarbeitet.\" \/><span class=\"wpcf7-list-item-label\">Ich willige ein, dass die nu50 GmbH meine Daten zur  Kontaktaufnahme per E-Mail oder Telefon verarbeitet.<\/span><\/span><\/span><\/span>\n\n<div class=\"wp-block-buttons is-layout-flex wp-block-buttons-is-layout-flex\">\n    <div class=\"wp-block-button has-arrow is-style-glass-blue\">\n        <button type=\"submit\" class=\"wp-element-button\">\n            Send Request\n        <\/button>\n    <\/div>\n<\/div>\n\n    <span id=\"wpcf7-6a04804c421cb-wrapper\" class=\"wpcf7-form-control-wrap dein-vorname-wrap\" style=\"display:none !important; visibility:hidden !important;\"><input type=\"hidden\" name=\"dein-vorname-time-start\" value=\"1778679884\"><input type=\"hidden\" name=\"dein-vorname-time-check\" value=\"4\"><label for=\"wpcf7-6a04804c421cb-field\" class=\"hp-message\">Bitte lasse dieses Feld leer.<\/label><input id=\"wpcf7-6a04804c421cb-field\"  placeholder=\"dein-vorname\"  class=\"wpcf7-form-control wpcf7-text\" type=\"text\" name=\"dein-vorname\" value=\"\" size=\"40\" tabindex=\"-1\" autocomplete=\"new-password\" \/><\/span>\n\n<\/div><div class=\"wpcf7-response-output\" aria-hidden=\"true\"><\/div>\n<\/form>\n<\/div>\n\n<\/div><\/div>\n","protected":false},"excerpt":{"rendered":"<p>Beratung f\u00fcr die Energiewende Die Energiewende erfordert nicht nur technische L\u00f6sungen, sondern auch strategische Entscheidungen. nu50 unterst\u00fctzt Unternehmen, Gemeinden und Energieversorger dabei, den \u00dcbergang zu erneuerbaren Energien systematisch zu planen und wirtschaftlich umzusetzen. Power Purchase Agreements Ein Power Purchase Agreement (PPA) ist ein langfristiger Stromabnahmevertrag zwischen einem Erzeuger erneuerbarer Energie und einem Abnehmer \u2013 typischerweise [&hellip;]<\/p>\n","protected":false},"author":2,"featured_media":0,"parent":0,"menu_order":0,"comment_status":"closed","ping_status":"closed","template":"","meta":{"footnotes":""},"class_list":["post-101","page","type-page","status-publish","hentry"],"yoast_head":"<!-- This site is optimized with the Yoast SEO plugin v27.6 - https:\/\/yoast.com\/product\/yoast-seo-wordpress\/ -->\n<title>Leistungen - nu50<\/title>\n<meta name=\"robots\" content=\"index, follow, max-snippet:-1, max-image-preview:large, max-video-preview:-1\" \/>\n<link rel=\"canonical\" href=\"https:\/\/nu50.klickdrauf.at\/de\/services\/\" \/>\n<meta property=\"og:locale\" content=\"de_DE\" \/>\n<meta property=\"og:type\" content=\"article\" \/>\n<meta property=\"og:title\" content=\"Leistungen - nu50\" \/>\n<meta property=\"og:description\" content=\"Beratung f\u00fcr die Energiewende Die Energiewende erfordert nicht nur technische L\u00f6sungen, sondern auch strategische Entscheidungen. nu50 unterst\u00fctzt Unternehmen, Gemeinden und Energieversorger dabei, den \u00dcbergang zu erneuerbaren Energien systematisch zu planen und wirtschaftlich umzusetzen. Power Purchase Agreements Ein Power Purchase Agreement (PPA) ist ein langfristiger Stromabnahmevertrag zwischen einem Erzeuger erneuerbarer Energie und einem Abnehmer \u2013 typischerweise [&hellip;]\" \/>\n<meta property=\"og:url\" content=\"https:\/\/nu50.klickdrauf.at\/de\/services\/\" \/>\n<meta property=\"og:site_name\" content=\"nu50\" \/>\n<meta property=\"article:modified_time\" content=\"2026-05-06T15:22:03+00:00\" \/>\n<meta property=\"og:image\" content=\"https:\/\/nu50.klickdrauf.at\/wp-content\/uploads\/2026\/05\/clouds-scaled.jpg\" \/>\n\t<meta property=\"og:image:width\" content=\"2560\" \/>\n\t<meta property=\"og:image:height\" content=\"1707\" \/>\n\t<meta property=\"og:image:type\" content=\"image\/jpeg\" \/>\n<meta name=\"twitter:card\" content=\"summary_large_image\" \/>\n<meta name=\"twitter:label1\" content=\"Gesch\u00e4tzte Lesezeit\" \/>\n\t<meta name=\"twitter:data1\" content=\"2\u00a0Minuten\" \/>\n<script type=\"application\/ld+json\" class=\"yoast-schema-graph\">{\"@context\":\"https:\\\/\\\/schema.org\",\"@graph\":[{\"@type\":\"WebPage\",\"@id\":\"https:\\\/\\\/nu50.klickdrauf.at\\\/services\\\/\",\"url\":\"https:\\\/\\\/nu50.klickdrauf.at\\\/services\\\/\",\"name\":\"Leistungen - nu50\",\"isPartOf\":{\"@id\":\"https:\\\/\\\/nu50.klickdrauf.at\\\/de\\\/#website\"},\"primaryImageOfPage\":{\"@id\":\"https:\\\/\\\/nu50.klickdrauf.at\\\/services\\\/#primaryimage\"},\"image\":{\"@id\":\"https:\\\/\\\/nu50.klickdrauf.at\\\/services\\\/#primaryimage\"},\"thumbnailUrl\":\"https:\\\/\\\/nu50.klickdrauf.at\\\/wp-content\\\/uploads\\\/2026\\\/05\\\/clouds-1024x683.jpg\",\"datePublished\":\"2026-05-05T15:49:41+00:00\",\"dateModified\":\"2026-05-06T15:22:03+00:00\",\"breadcrumb\":{\"@id\":\"https:\\\/\\\/nu50.klickdrauf.at\\\/services\\\/#breadcrumb\"},\"inLanguage\":\"de\",\"potentialAction\":[{\"@type\":\"ReadAction\",\"target\":[\"https:\\\/\\\/nu50.klickdrauf.at\\\/services\\\/\"]}]},{\"@type\":\"ImageObject\",\"inLanguage\":\"de\",\"@id\":\"https:\\\/\\\/nu50.klickdrauf.at\\\/services\\\/#primaryimage\",\"url\":\"https:\\\/\\\/nu50.klickdrauf.at\\\/wp-content\\\/uploads\\\/2026\\\/05\\\/clouds-1024x683.jpg\",\"contentUrl\":\"https:\\\/\\\/nu50.klickdrauf.at\\\/wp-content\\\/uploads\\\/2026\\\/05\\\/clouds-1024x683.jpg\"},{\"@type\":\"BreadcrumbList\",\"@id\":\"https:\\\/\\\/nu50.klickdrauf.at\\\/services\\\/#breadcrumb\",\"itemListElement\":[{\"@type\":\"ListItem\",\"position\":1,\"name\":\"Home\",\"item\":\"https:\\\/\\\/nu50.klickdrauf.at\\\/de\\\/\"},{\"@type\":\"ListItem\",\"position\":2,\"name\":\"Leistungen\"}]},{\"@type\":\"WebSite\",\"@id\":\"https:\\\/\\\/nu50.klickdrauf.at\\\/de\\\/#website\",\"url\":\"https:\\\/\\\/nu50.klickdrauf.at\\\/de\\\/\",\"name\":\"nu50\",\"description\":\"\",\"publisher\":{\"@id\":\"https:\\\/\\\/nu50.klickdrauf.at\\\/de\\\/#organization\"},\"potentialAction\":[{\"@type\":\"SearchAction\",\"target\":{\"@type\":\"EntryPoint\",\"urlTemplate\":\"https:\\\/\\\/nu50.klickdrauf.at\\\/de\\\/?s={search_term_string}\"},\"query-input\":{\"@type\":\"PropertyValueSpecification\",\"valueRequired\":true,\"valueName\":\"search_term_string\"}}],\"inLanguage\":\"de\"},{\"@type\":\"Organization\",\"@id\":\"https:\\\/\\\/nu50.klickdrauf.at\\\/de\\\/#organization\",\"name\":\"nu50\",\"url\":\"https:\\\/\\\/nu50.klickdrauf.at\\\/de\\\/\",\"logo\":{\"@type\":\"ImageObject\",\"inLanguage\":\"de\",\"@id\":\"https:\\\/\\\/nu50.klickdrauf.at\\\/de\\\/#\\\/schema\\\/logo\\\/image\\\/\",\"url\":\"https:\\\/\\\/nu50.klickdrauf.at\\\/wp-content\\\/uploads\\\/2026\\\/05\\\/Logo_colored.svg\",\"contentUrl\":\"https:\\\/\\\/nu50.klickdrauf.at\\\/wp-content\\\/uploads\\\/2026\\\/05\\\/Logo_colored.svg\",\"width\":1,\"height\":1,\"caption\":\"nu50\"},\"image\":{\"@id\":\"https:\\\/\\\/nu50.klickdrauf.at\\\/de\\\/#\\\/schema\\\/logo\\\/image\\\/\"}}]}<\/script>\n<!-- \/ Yoast SEO plugin. -->","yoast_head_json":{"title":"Leistungen - nu50","robots":{"index":"index","follow":"follow","max-snippet":"max-snippet:-1","max-image-preview":"max-image-preview:large","max-video-preview":"max-video-preview:-1"},"canonical":"https:\/\/nu50.klickdrauf.at\/de\/services\/","og_locale":"de_DE","og_type":"article","og_title":"Leistungen - nu50","og_description":"Beratung f\u00fcr die Energiewende Die Energiewende erfordert nicht nur technische L\u00f6sungen, sondern auch strategische Entscheidungen. nu50 unterst\u00fctzt Unternehmen, Gemeinden und Energieversorger dabei, den \u00dcbergang zu erneuerbaren Energien systematisch zu planen und wirtschaftlich umzusetzen. Power Purchase Agreements Ein Power Purchase Agreement (PPA) ist ein langfristiger Stromabnahmevertrag zwischen einem Erzeuger erneuerbarer Energie und einem Abnehmer \u2013 typischerweise [&hellip;]","og_url":"https:\/\/nu50.klickdrauf.at\/de\/services\/","og_site_name":"nu50","article_modified_time":"2026-05-06T15:22:03+00:00","og_image":[{"width":2560,"height":1707,"url":"https:\/\/nu50.klickdrauf.at\/wp-content\/uploads\/2026\/05\/clouds-scaled.jpg","type":"image\/jpeg"}],"twitter_card":"summary_large_image","twitter_misc":{"Gesch\u00e4tzte Lesezeit":"2\u00a0Minuten"},"schema":{"@context":"https:\/\/schema.org","@graph":[{"@type":"WebPage","@id":"https:\/\/nu50.klickdrauf.at\/services\/","url":"https:\/\/nu50.klickdrauf.at\/services\/","name":"Leistungen - nu50","isPartOf":{"@id":"https:\/\/nu50.klickdrauf.at\/de\/#website"},"primaryImageOfPage":{"@id":"https:\/\/nu50.klickdrauf.at\/services\/#primaryimage"},"image":{"@id":"https:\/\/nu50.klickdrauf.at\/services\/#primaryimage"},"thumbnailUrl":"https:\/\/nu50.klickdrauf.at\/wp-content\/uploads\/2026\/05\/clouds-1024x683.jpg","datePublished":"2026-05-05T15:49:41+00:00","dateModified":"2026-05-06T15:22:03+00:00","breadcrumb":{"@id":"https:\/\/nu50.klickdrauf.at\/services\/#breadcrumb"},"inLanguage":"de","potentialAction":[{"@type":"ReadAction","target":["https:\/\/nu50.klickdrauf.at\/services\/"]}]},{"@type":"ImageObject","inLanguage":"de","@id":"https:\/\/nu50.klickdrauf.at\/services\/#primaryimage","url":"https:\/\/nu50.klickdrauf.at\/wp-content\/uploads\/2026\/05\/clouds-1024x683.jpg","contentUrl":"https:\/\/nu50.klickdrauf.at\/wp-content\/uploads\/2026\/05\/clouds-1024x683.jpg"},{"@type":"BreadcrumbList","@id":"https:\/\/nu50.klickdrauf.at\/services\/#breadcrumb","itemListElement":[{"@type":"ListItem","position":1,"name":"Home","item":"https:\/\/nu50.klickdrauf.at\/de\/"},{"@type":"ListItem","position":2,"name":"Leistungen"}]},{"@type":"WebSite","@id":"https:\/\/nu50.klickdrauf.at\/de\/#website","url":"https:\/\/nu50.klickdrauf.at\/de\/","name":"nu50","description":"","publisher":{"@id":"https:\/\/nu50.klickdrauf.at\/de\/#organization"},"potentialAction":[{"@type":"SearchAction","target":{"@type":"EntryPoint","urlTemplate":"https:\/\/nu50.klickdrauf.at\/de\/?s={search_term_string}"},"query-input":{"@type":"PropertyValueSpecification","valueRequired":true,"valueName":"search_term_string"}}],"inLanguage":"de"},{"@type":"Organization","@id":"https:\/\/nu50.klickdrauf.at\/de\/#organization","name":"nu50","url":"https:\/\/nu50.klickdrauf.at\/de\/","logo":{"@type":"ImageObject","inLanguage":"de","@id":"https:\/\/nu50.klickdrauf.at\/de\/#\/schema\/logo\/image\/","url":"https:\/\/nu50.klickdrauf.at\/wp-content\/uploads\/2026\/05\/Logo_colored.svg","contentUrl":"https:\/\/nu50.klickdrauf.at\/wp-content\/uploads\/2026\/05\/Logo_colored.svg","width":1,"height":1,"caption":"nu50"},"image":{"@id":"https:\/\/nu50.klickdrauf.at\/de\/#\/schema\/logo\/image\/"}}]}},"_links":{"self":[{"href":"https:\/\/nu50.klickdrauf.at\/de\/wp-json\/wp\/v2\/pages\/101","targetHints":{"allow":["GET"]}}],"collection":[{"href":"https:\/\/nu50.klickdrauf.at\/de\/wp-json\/wp\/v2\/pages"}],"about":[{"href":"https:\/\/nu50.klickdrauf.at\/de\/wp-json\/wp\/v2\/types\/page"}],"author":[{"embeddable":true,"href":"https:\/\/nu50.klickdrauf.at\/de\/wp-json\/wp\/v2\/users\/2"}],"replies":[{"embeddable":true,"href":"https:\/\/nu50.klickdrauf.at\/de\/wp-json\/wp\/v2\/comments?post=101"}],"version-history":[{"count":23,"href":"https:\/\/nu50.klickdrauf.at\/de\/wp-json\/wp\/v2\/pages\/101\/revisions"}],"predecessor-version":[{"id":241,"href":"https:\/\/nu50.klickdrauf.at\/de\/wp-json\/wp\/v2\/pages\/101\/revisions\/241"}],"wp:attachment":[{"href":"https:\/\/nu50.klickdrauf.at\/de\/wp-json\/wp\/v2\/media?parent=101"}],"curies":[{"name":"wp","href":"https:\/\/api.w.org\/{rel}","templated":true}]}}